{"id":10,"date":"2025-10-17T10:00:26","date_gmt":"2025-10-17T08:00:26","guid":{"rendered":"https:\/\/shannonog.com\/?page_id=10"},"modified":"2025-10-17T16:41:47","modified_gmt":"2025-10-17T14:41:47","slug":"biografia","status":"publish","type":"page","link":"https:\/\/shannonog.com\/?page_id=10","title":{"rendered":"Biograf\u00eda"},"content":{"rendered":"\n<div class=\"wp-block-group is-vertical is-content-justification-center is-layout-flex wp-container-core-group-is-layout-66f4d8d5 wp-block-group-is-layout-flex\" style=\"padding-right:0;padding-left:0\">\n<figure class=\"wp-block-image size-full is-resized is-style-default\"><img loading=\"lazy\" decoding=\"async\" width=\"2048\" height=\"2048\" src=\"https:\/\/shannonog.com\/wp-content\/uploads\/2025\/10\/collage-2.png\" alt=\"\" class=\"wp-image-52\" style=\"object-fit:contain;width:952px;height:auto\" srcset=\"https:\/\/shannonog.com\/wp-content\/uploads\/2025\/10\/collage-2.png 2048w, https:\/\/shannonog.com\/wp-content\/uploads\/2025\/10\/collage-2-300x300.png 300w, https:\/\/shannonog.com\/wp-content\/uploads\/2025\/10\/collage-2-1024x1024.png 1024w, https:\/\/shannonog.com\/wp-content\/uploads\/2025\/10\/collage-2-150x150.png 150w, https:\/\/shannonog.com\/wp-content\/uploads\/2025\/10\/collage-2-768x768.png 768w, https:\/\/shannonog.com\/wp-content\/uploads\/2025\/10\/collage-2-1536x1536.png 1536w\" sizes=\"auto, (max-width: 2048px) 100vw, 2048px\" \/><\/figure>\n\n\n\n<details class=\"wp-block-details has-contrast-color has-text-color has-link-color has-large-font-size wp-elements-ca6f437ca96476a5227b9dc6e04f9118 is-layout-flow wp-container-core-details-is-layout-8a368f38 wp-block-details-is-layout-flow\"><summary>Formado en la provincia de <strong>Granada<\/strong> hace m\u00e1s de veinte a\u00f1os, <strong>Shannon Og<\/strong> ha recorrido un largo camino desde sus primeros acordes inspirados en la <strong>m\u00fasica tradicional irlandesa<\/strong>. Con una clara vocaci\u00f3n por el <strong>folk<\/strong> y la <strong>m\u00fasica celta<\/strong>, el grupo ha sabido mantener viva la esencia de esas ra\u00edces mientras explora nuevos paisajes sonoros.<br><br>En 2018 public\u00f3 su primer trabajo de estudio, <strong><em>No Somos Dignos<\/em><\/strong>, un \u00e1lbum que marc\u00f3 el <strong>cierre de una etapa y el inicio de una nueva mirada creativa<\/strong>. Aquel disco supuso un punto de inflexi\u00f3n: el adi\u00f3s a una \u00e9poca y la apertura hacia un sonido m\u00e1s amplio y contempor\u00e1neo.<br><br>Tras participar recientemente en la creaci\u00f3n de la banda sonora del cortometraje \u201cGuerreras\u201d de Jos\u00e9 Lu\u00eds Pareja, <strong>Shannon Og<\/strong> se encuentra preparando su nuevo disco, previsto para el <strong>primer trimestre de 2026<\/strong>. En \u00e9l, el grupo mantiene su identidad folk \u2014violines, flautas, gaitas y guitarras ac\u00fasticas\u2014, pero introduce nuevas texturas donde el estilo tradicional convive con el <em>pop<\/em>, el <em>rock<\/em> y la <em>electr\u00f3nica<\/em>.<br><br>M\u00e1s de dos d\u00e9cadas despu\u00e9s de su nacimiento, <strong>Shannon Og<\/strong> contin\u00faa fiel a su esp\u00edritu: unir tradici\u00f3n y modernidad, buscando siempre nuevas formas de hacer vibrar al p\u00fablico a trav\u00e9s de la emoci\u00f3n y la honestidad en el escenario.<\/summary>\n<p><\/p>\n<\/details>\n<\/div>\n\n\n\n<p><\/p>\n","protected":false},"excerpt":{"rendered":"","protected":false},"author":1,"featured_media":0,"parent":0,"menu_order":0,"comment_status":"closed","ping_status":"closed","template":"page-no-title","meta":{"footnotes":""},"class_list":["post-10","page","type-page","status-publish","hentry"],"_links":{"self":[{"href":"https:\/\/shannonog.com\/index.php?rest_route=\/wp\/v2\/pages\/10","targetHints":{"allow":["GET"]}}],"collection":[{"href":"https:\/\/shannonog.com\/index.php?rest_route=\/wp\/v2\/pages"}],"about":[{"href":"https:\/\/shannonog.com\/index.php?rest_route=\/wp\/v2\/types\/page"}],"author":[{"embeddable":true,"href":"https:\/\/shannonog.com\/index.php?rest_route=\/wp\/v2\/users\/1"}],"replies":[{"embeddable":true,"href":"https:\/\/shannonog.com\/index.php?rest_route=%2Fwp%2Fv2%2Fcomments&post=10"}],"version-history":[{"count":12,"href":"https:\/\/shannonog.com\/index.php?rest_route=\/wp\/v2\/pages\/10\/revisions"}],"predecessor-version":[{"id":69,"href":"https:\/\/shannonog.com\/index.php?rest_route=\/wp\/v2\/pages\/10\/revisions\/69"}],"wp:attachment":[{"href":"https:\/\/shannonog.com\/index.php?rest_route=%2Fwp%2Fv2%2Fmedia&parent=10"}],"curies":[{"name":"wp","href":"https:\/\/api.w.org\/{rel}","templated":true}]}}